{"id":4,"date":"2013-03-05T10:03:47","date_gmt":"2013-03-05T09:03:47","guid":{"rendered":"http:\/\/mediacion-gimarc.zeus.umh.es\/presentacion\/"},"modified":"2025-08-02T06:55:51","modified_gmt":"2025-08-02T04:55:51","slug":"presentacion","status":"publish","type":"page","link":"https:\/\/mediacion-gimarc.umh.es\/ca\/","title":{"rendered":"<span lang=\"es\">(Espa\u00f1ol) Presentaci\u00f3n<\/span>"},"content":{"rendered":"<p>&nbsp;<\/p>\n<p>El Grup d&#8217;Investigaci\u00f3 *GIMARC naix amb el prop\u00f2sit d&#8217;estudiar els Mitjans alternatius de Resoluci\u00f3 de Conflictes, des d&#8217;una perspectiva interdisciplin\u00e0ria i amb la transversalitat des de la qual pot abordar-se les diferents mat\u00e8ries objecte d&#8217;estudi. La investigaci\u00f3 de la \u00a0mediaci\u00f3, l&#8217;arbitratge \u00a0 i la conciliaci\u00f3 es duu a terme des de diverses branques del coneixement cient\u00edfic (familiar, civil, mercantil, empresarial, internacional) incorporant a m\u00e9s l&#8217;experi\u00e8ncia a trav\u00e9s de la col\u00b7laboraci\u00f3 amb professionals de diferents \u00e0rees, que aporten l&#8217;aplicaci\u00f3 pr\u00e0ctica de la normativa vigent a nivell estatal i\u00a0 auton\u00f2mic.<\/p>\n<p>El Grup d&#8217;Investigaci\u00f3 *GIMARC t\u00e9 com a objectius principals:<\/p>\n<p>1. Propiciar intercanvis d&#8217;experi\u00e8ncies entre grups d&#8217;investigaci\u00f3, docents i professionals en exercici que contribu\u00efsquen a l&#8217;an\u00e0lisi d&#8217;avantatges i inconvenients que presenta la resoluci\u00f3 de conflictes a trav\u00e9s dels mitjans alternatius a l&#8217;\u00e0mbit jurisdiccional: mediaci\u00f3, arbitratge i conciliaci\u00f3.<\/p>\n<p>2. Promoure espais d&#8217;intercanvi d&#8217;experi\u00e8ncies entre diverses Universitats en l&#8217;estudi dels mitjans i procediments alternatius mitjan\u00e7ant els quals les persones poden resoldre les seues controv\u00e8rsies.<\/p>\n<p>3. Impulsar aliances nacionals i internacionals per a la transfer\u00e8ncia del coneixement a la societat i a la comunitat acad\u00e8mica.<\/p>\n<p>4. Crear un Seminari Permanent d&#8217;Investigaci\u00f3 per a l&#8217;estudi de la mediaci\u00f3, arbitratge i conciliaci\u00f3 en diferents \u00e0mbits jur\u00eddics: civil, mercantil, internacional, laboral, familiar, etc.<\/p>\n<p>5. Coordinar la publicaci\u00f3 dels resultats d&#8217;investigaci\u00f3 a trav\u00e9s de revistes o monografies.<\/p>","protected":false},"excerpt":{"rendered":"<p>&nbsp;<br \/>\nEl Grup d&#8217;Investigaci\u00f3 *GIMARC naix amb el prop\u00f2sit d&#8217;estudiar els Mitjans alternatius de Resoluci\u00f3 de Conflictes, des d&#8217;una perspectiva interdisciplin\u00e0ria i amb la transversalitat des de la qual pot abordar-se les diferents mat\u00e8ries objecte d&#8217;estudi. La investigaci\u00f3 de la \u00a0mediaci\u00f3, l&#8217;arbitratge \u00a0 i la conciliaci\u00f3 es duu a terme des de diverses branques del coneixement [&#8230;]<\/p>\n","protected":false},"author":1,"featured_media":0,"parent":0,"menu_order":0,"comment_status":"closed","ping_status":"open","template":"","meta":{"_links_to":"","_links_to_target":""},"_links":{"self":[{"href":"https:\/\/mediacion-gimarc.umh.es\/ca\/wp-json\/wp\/v2\/pages\/4"}],"collection":[{"href":"https:\/\/mediacion-gimarc.umh.es\/ca\/wp-json\/wp\/v2\/pages"}],"about":[{"href":"https:\/\/mediacion-gimarc.umh.es\/ca\/wp-json\/wp\/v2\/types\/page"}],"author":[{"embeddable":true,"href":"https:\/\/mediacion-gimarc.umh.es\/ca\/wp-json\/wp\/v2\/users\/1"}],"replies":[{"embeddable":true,"href":"https:\/\/mediacion-gimarc.umh.es\/ca\/wp-json\/wp\/v2\/comments?post=4"}],"version-history":[{"count":0,"href":"https:\/\/mediacion-gimarc.umh.es\/ca\/wp-json\/wp\/v2\/pages\/4\/revisions"}],"wp:attachment":[{"href":"https:\/\/mediacion-gimarc.umh.es\/ca\/wp-json\/wp\/v2\/media?parent=4"}],"curies":[{"name":"wp","href":"https:\/\/api.w.org\/{rel}","templated":true}]}}