{"id":40,"date":"2024-11-06T18:43:21","date_gmt":"2024-11-06T17:43:21","guid":{"rendered":"https:\/\/mediacion-gimarc.umh.es\/?page_id=40"},"modified":"2024-12-08T11:04:46","modified_gmt":"2024-12-08T10:04:46","slug":"olga-fuentes-soriano","status":"publish","type":"page","link":"https:\/\/mediacion-gimarc.umh.es\/ca\/colaboradores\/olga-fuentes-soriano\/","title":{"rendered":"<span lang=\"es\">(Espa\u00f1ol) Olga Fuentes Soriano<\/span>"},"content":{"rendered":"<p>Olga Fuentes Soriano\u00a0\u00e9s catedr\u00e0tica de Dret processal en la Universitat Miguel Hern\u00e1ndez d&#8217;Elx, des de l&#8217;any 2004. Es va llicenciar en Dret per la Universitat d&#8217;Alacant l&#8217;any 1992 i es va doctorar per esta Universitat l&#8217;any 1997 amb una Tesi Doctoral sobre el procediment d&#8217;execuci\u00f3 hipotec\u00e0ria.<br \/>\nLa realitzaci\u00f3 de la tesi doctoral va marcar una de les l\u00ednies d&#8217;investigaci\u00f3 que ha mantingut durant tota la seua traject\u00f2ria professional, especialment perqu\u00e8 el transcurs dels temps ha anat donant la ra\u00f3 als problemes que en ella es van denunciar i les solucions que ja es van apuntar (la impossibilitat de llan\u00e7ar a l&#8217;ocupant inaudita part \u2013factible en els anys 90-, la inconstitucionalitat d&#8217;un procediment que no donava audi\u00e8ncia al deutor \u2013excepte insuficients sup\u00f2sits taxats- o, en suma la configuraci\u00f3 d&#8217;un sistema hipotecari que, en el seu conjunt, resultava profundament injust al ciutad\u00e0). A part de, en diversos articles cient\u00edfics, esta tesi va cristal\u00b7litzar en la monografia El proc\u00e9s d&#8217;execuci\u00f3 hipotec\u00e0ria, *Edijus, 1998 . A l&#8217;execuci\u00f3 hipotec\u00e0ria es van sumar altres l\u00ednies d&#8217;investigaci\u00f3 en l&#8217;\u00e0mbit civil com les costes processals (en la qual cal destacar la seua monografia Les costes de la nova *LEC, Tirant lo Blanch, 2005); i, en l&#8217;\u00e0mbit penal, les seues investigacions han girat entorn de determinats eixos com l&#8217;estudi de Ministeri Fiscal i la fase d&#8217;instrucci\u00f3 (en este \u00e0mbit \u00e9s de destacar el llibre La investigaci\u00f3 pel Fiscal en el proc\u00e9s penal abreujat i en els ju\u00eds r\u00e0pids. Perspectives de futur, Tirant lo Blanch, 2005), la viol\u00e8ncia de g\u00e8nere (on destaca al costat de nombrosos articles, la monografia L&#8217;enjudiciament de la Viol\u00e8ncia de G\u00e8nere, *IUSTEL, 2009.) i els problemes probatoris que plantegen les noves tecnologies (les tesis de les quals han sigut difoses en diversos articles cient\u00edfics i cap\u00edtols de llibre que poden consultar-se en el CV facilitat).<br \/>\nLes seues publicacions cient\u00edfiques entre monografies, articles i cap\u00edtols de llibre s&#8217;acosten a la centena; i al costat d&#8217;esta activitat investigadora destaca la seua participaci\u00f3 en Congressos seminaris i jornades cient\u00edfiques de car\u00e0cter nacional i internacional.<br \/>\nLa seua dedicaci\u00f3 a les tasques docents i investigadores ha anat acompanyada de l&#8217;acompliment de rellevants c\u00e0rrecs en l&#8217;\u00e0mbit de la gesti\u00f3 universit\u00e0ria entre els quals cal destacar els seus nomenaments com a Secret\u00e0ria de la Facultat de Dret, Secret\u00e0ria General de la Universitat i Vicerectora de Societats i fundacions, tots ells de la universitat d&#8217;Alacant. En l&#8217;actualitat \u00e9s directora del M\u00e0ster universitari d&#8217;advocacia que organitzen conjuntament la Universitat Miguel Hern\u00e1ndez i l&#8217;Il\u00b7lustre Col\u00b7legi d&#8217;Advocats d&#8217;Elx.<br \/>\nEn el cap\u00edtol d&#8217;altres m\u00e8rits de rellev\u00e0ncia convindria destacar la seua labor com a assessora del Ministre de Just\u00edcia durant els anys 2004-2006 i ha sigut, aix\u00ed mateix, Magistrada suplent de l&#8217;Audi\u00e8ncia Provincial d&#8217;Alacant. En l&#8217;actualitat i des de l&#8217;any 1992 \u00e9s col\u00b7legiada no exercent de l&#8217;Il\u00b7lustre Col\u00b7legi d&#8217;advocats d&#8217;Elx.<br \/>\n\u00c9s investigadora principal del projecte d&#8217;investigaci\u00f3 finan\u00e7at per la Generalitat Valenciana, Conselleria d\u2019*Educaci\u00f3 cultura i *esports (*AICO\/20017\/161) \u201cL&#8217;era digital: nous problemes per al Dret\u201d.\u00a0\u00c9s Directora del grup d&#8217;investigaci\u00f3 *Legaltech.<\/p>","protected":false},"excerpt":{"rendered":"<p>Olga Fuentes Soriano\u00a0\u00e9s catedr\u00e0tica de Dret processal en la Universitat Miguel Hern\u00e1ndez d&#8217;Elx, des de l&#8217;any 2004. Es va llicenciar en Dret per la Universitat d&#8217;Alacant l&#8217;any 1992 i es va doctorar per esta Universitat l&#8217;any 1997 amb una Tesi Doctoral sobre el procediment d&#8217;execuci\u00f3 hipotec\u00e0ria.<br \/>\nLa realitzaci\u00f3 de la tesi doctoral va marcar una de [&#8230;]<\/p>\n","protected":false},"author":195,"featured_media":0,"parent":11,"menu_order":1,"comment_status":"closed","ping_status":"closed","template":"","meta":{"_links_to":"","_links_to_target":""},"_links":{"self":[{"href":"https:\/\/mediacion-gimarc.umh.es\/ca\/wp-json\/wp\/v2\/pages\/40"}],"collection":[{"href":"https:\/\/mediacion-gimarc.umh.es\/ca\/wp-json\/wp\/v2\/pages"}],"about":[{"href":"https:\/\/mediacion-gimarc.umh.es\/ca\/wp-json\/wp\/v2\/types\/page"}],"author":[{"embeddable":true,"href":"https:\/\/mediacion-gimarc.umh.es\/ca\/wp-json\/wp\/v2\/users\/195"}],"replies":[{"embeddable":true,"href":"https:\/\/mediacion-gimarc.umh.es\/ca\/wp-json\/wp\/v2\/comments?post=40"}],"version-history":[{"count":0,"href":"https:\/\/mediacion-gimarc.umh.es\/ca\/wp-json\/wp\/v2\/pages\/40\/revisions"}],"up":[{"embeddable":true,"href":"https:\/\/mediacion-gimarc.umh.es\/ca\/wp-json\/wp\/v2\/pages\/11"}],"wp:attachment":[{"href":"https:\/\/mediacion-gimarc.umh.es\/ca\/wp-json\/wp\/v2\/media?parent=40"}],"curies":[{"name":"wp","href":"https:\/\/api.w.org\/{rel}","templated":true}]}}