{"id":70,"date":"2024-11-06T20:12:18","date_gmt":"2024-11-06T19:12:18","guid":{"rendered":"https:\/\/mediacion-gimarc.umh.es\/?page_id=70"},"modified":"2024-12-08T11:11:27","modified_gmt":"2024-12-08T10:11:27","slug":"70-2","status":"publish","type":"page","link":"https:\/\/mediacion-gimarc.umh.es\/ca\/novedades\/70-2\/","title":{"rendered":"<span lang=\"es\">(Espa\u00f1ol) Gu\u00eda pr\u00e1ctica para la mediaci\u00f3n intrajudicial<\/span>"},"content":{"rendered":"<p><a href=\"https:\/\/cjusticia.gva.es\/documents\/19318332\/378379223\/20161108+GU%C3%8DA+PARA+LA+PR%C3%81CTICA+DE+LA+MEDIACI%C3%93N+INTRAJUDICIAL.+%283%29.pdf\/47a86f5c-320c-42b5-ae06-e8a801111a45?t=1657103852137\">Guia pr\u00e0ctica per a la mediaci\u00f3 intrajudicial<\/a><\/p>\n<p>&nbsp;<\/p>","protected":false},"excerpt":{"rendered":"<p>Guia pr\u00e0ctica per a la mediaci\u00f3 intrajudicial<br \/>\n&nbsp;<\/p>\n","protected":false},"author":195,"featured_media":0,"parent":5,"menu_order":3,"comment_status":"closed","ping_status":"closed","template":"","meta":{"_links_to":"","_links_to_target":""},"_links":{"self":[{"href":"https:\/\/mediacion-gimarc.umh.es\/ca\/wp-json\/wp\/v2\/pages\/70"}],"collection":[{"href":"https:\/\/mediacion-gimarc.umh.es\/ca\/wp-json\/wp\/v2\/pages"}],"about":[{"href":"https:\/\/mediacion-gimarc.umh.es\/ca\/wp-json\/wp\/v2\/types\/page"}],"author":[{"embeddable":true,"href":"https:\/\/mediacion-gimarc.umh.es\/ca\/wp-json\/wp\/v2\/users\/195"}],"replies":[{"embeddable":true,"href":"https:\/\/mediacion-gimarc.umh.es\/ca\/wp-json\/wp\/v2\/comments?post=70"}],"version-history":[{"count":0,"href":"https:\/\/mediacion-gimarc.umh.es\/ca\/wp-json\/wp\/v2\/pages\/70\/revisions"}],"up":[{"embeddable":true,"href":"https:\/\/mediacion-gimarc.umh.es\/ca\/wp-json\/wp\/v2\/pages\/5"}],"wp:attachment":[{"href":"https:\/\/mediacion-gimarc.umh.es\/ca\/wp-json\/wp\/v2\/media?parent=70"}],"curies":[{"name":"wp","href":"https:\/\/api.w.org\/{rel}","templated":true}]}}