{"id":170,"date":"2025-05-15T13:40:22","date_gmt":"2025-05-15T11:40:22","guid":{"rendered":"https:\/\/mediacion-gimarc.umh.es\/?page_id=170"},"modified":"2025-05-15T14:13:17","modified_gmt":"2025-05-15T12:13:17","slug":"tomas-de-domingo-perez","status":"publish","type":"page","link":"https:\/\/mediacion-gimarc.umh.es\/en\/colaboradores\/tomas-de-domingo-perez\/","title":{"rendered":"<span lang=\"es\">(Espa\u00f1ol) Tom\u00e1s de Domingo P\u00e9rez<\/span>"},"content":{"rendered":"<p class=\"qtranxs-available-languages-message qtranxs-available-languages-message-en\">Sorry, this entry is only available in <a href=\"https:\/\/mediacion-gimarc.umh.es\/es\/wp-json\/wp\/v2\/pages\/170\" class=\"qtranxs-available-language-link qtranxs-available-language-link-es\" title=\"Espa\u00f1ol\">European Spanish<\/a>.<\/p>","protected":false},"excerpt":{"rendered":"<p>Sorry, this entry is only available in European Spanish.<\/p>\n","protected":false},"author":195,"featured_media":0,"parent":11,"menu_order":40,"comment_status":"closed","ping_status":"closed","template":"","meta":{"_links_to":"","_links_to_target":""},"_links":{"self":[{"href":"https:\/\/mediacion-gimarc.umh.es\/en\/wp-json\/wp\/v2\/pages\/170"}],"collection":[{"href":"https:\/\/mediacion-gimarc.umh.es\/en\/wp-json\/wp\/v2\/pages"}],"about":[{"href":"https:\/\/mediacion-gimarc.umh.es\/en\/wp-json\/wp\/v2\/types\/page"}],"author":[{"embeddable":true,"href":"https:\/\/mediacion-gimarc.umh.es\/en\/wp-json\/wp\/v2\/users\/195"}],"replies":[{"embeddable":true,"href":"https:\/\/mediacion-gimarc.umh.es\/en\/wp-json\/wp\/v2\/comments?post=170"}],"version-history":[{"count":0,"href":"https:\/\/mediacion-gimarc.umh.es\/en\/wp-json\/wp\/v2\/pages\/170\/revisions"}],"up":[{"embeddable":true,"href":"https:\/\/mediacion-gimarc.umh.es\/en\/wp-json\/wp\/v2\/pages\/11"}],"wp:attachment":[{"href":"https:\/\/mediacion-gimarc.umh.es\/en\/wp-json\/wp\/v2\/media?parent=170"}],"curies":[{"name":"wp","href":"https:\/\/api.w.org\/{rel}","templated":true}]}}