{"id":220,"date":"2026-04-22T20:43:52","date_gmt":"2026-04-22T18:43:52","guid":{"rendered":"https:\/\/mediacion-gimarc.umh.es\/?page_id=220"},"modified":"2026-04-22T20:43:52","modified_gmt":"2026-04-22T18:43:52","slug":"seminario-respuestas-politicas-y-juridicas-a-la-degradacion-de-las-relaciones-humanas-en-la-sociedad-digital","status":"publish","type":"page","link":"https:\/\/mediacion-gimarc.umh.es\/en\/proyectos\/seminario-respuestas-politicas-y-juridicas-a-la-degradacion-de-las-relaciones-humanas-en-la-sociedad-digital\/","title":{"rendered":"<span lang=\"es\">(Espa\u00f1ol) SEMINARIO: RESPUESTAS POL\u00cdTICAS Y JUR\u00cdDICAS A LA DEGRADACI\u00d3N DE LAS RELACIONES HUMANAS EN LA SOCIEDAD DIGITAL<\/span>"},"content":{"rendered":"<p class=\"qtranxs-available-languages-message qtranxs-available-languages-message-en\">Sorry, this entry is only available in <a href=\"https:\/\/mediacion-gimarc.umh.es\/es\/wp-json\/wp\/v2\/pages\/220\" class=\"qtranxs-available-language-link qtranxs-available-language-link-es\" title=\"Espa\u00f1ol\">European Spanish<\/a>.<\/p>","protected":false},"excerpt":{"rendered":"<p>Sorry, this entry is only available in European Spanish.<\/p>\n","protected":false},"author":195,"featured_media":0,"parent":196,"menu_order":40,"comment_status":"closed","ping_status":"closed","template":"","meta":{"_links_to":"","_links_to_target":""},"_links":{"self":[{"href":"https:\/\/mediacion-gimarc.umh.es\/en\/wp-json\/wp\/v2\/pages\/220"}],"collection":[{"href":"https:\/\/mediacion-gimarc.umh.es\/en\/wp-json\/wp\/v2\/pages"}],"about":[{"href":"https:\/\/mediacion-gimarc.umh.es\/en\/wp-json\/wp\/v2\/types\/page"}],"author":[{"embeddable":true,"href":"https:\/\/mediacion-gimarc.umh.es\/en\/wp-json\/wp\/v2\/users\/195"}],"replies":[{"embeddable":true,"href":"https:\/\/mediacion-gimarc.umh.es\/en\/wp-json\/wp\/v2\/comments?post=220"}],"version-history":[{"count":0,"href":"https:\/\/mediacion-gimarc.umh.es\/en\/wp-json\/wp\/v2\/pages\/220\/revisions"}],"up":[{"embeddable":true,"href":"https:\/\/mediacion-gimarc.umh.es\/en\/wp-json\/wp\/v2\/pages\/196"}],"wp:attachment":[{"href":"https:\/\/mediacion-gimarc.umh.es\/en\/wp-json\/wp\/v2\/media?parent=220"}],"curies":[{"name":"wp","href":"https:\/\/api.w.org\/{rel}","templated":true}]}}